{"id":144,"date":"2021-09-28T06:39:56","date_gmt":"2021-09-28T06:39:56","guid":{"rendered":"https:\/\/sebbelgica.com\/?page_id=144"},"modified":"2025-04-10T08:51:13","modified_gmt":"2025-04-10T08:51:13","slug":"historia","status":"publish","type":"page","link":"https:\/\/sebbelgica.com\/fr\/historia\/","title":{"rendered":"Histoire"},"content":{"rendered":"<div data-elementor-type=\"wp-page\" data-elementor-id=\"144\" class=\"elementor elementor-144\">\n\t\t\t\t\t\t<section class=\"elementor-section elementor-top-section elementor-element elementor-element-47a8f99d elementor-section-content-middle elementor-section-boxed elementor-section-height-default elementor-section-height-default\" data-id=\"47a8f99d\" data-element_type=\"section\" data-e-type=\"section\" data-settings=\"{&quot;background_background&quot;:&quot;classic&quot;}\">\n\t\t\t\t\t\t\t<div class=\"elementor-background-overlay\"><\/div>\n\t\t\t\t\t\t\t<div class=\"elementor-container elementor-column-gap-no\">\n\t\t\t\t\t<div class=\"elementor-column elementor-col-100 elementor-top-column elementor-element elementor-element-3482a334\" data-id=\"3482a334\" data-element_type=\"column\" data-e-type=\"column\">\n\t\t\t<div class=\"elementor-widget-wrap elementor-element-populated\">\n\t\t\t\t\t\t<div class=\"elementor-element elementor-element-5078e7bb elementor-widget elementor-widget-heading\" data-id=\"5078e7bb\" data-element_type=\"widget\" data-e-type=\"widget\" data-widget_type=\"heading.default\">\n\t\t\t\t<div class=\"elementor-widget-container\">\n\t\t\t\t\t<h2 class=\"elementor-heading-title elementor-size-default\">Le d\u00e9but de la Soci\u00e9t\u00e9 Espagnole<br>de Bienfaisance en Belgique<\/h2>\t\t\t\t<\/div>\n\t\t\t\t<\/div>\n\t\t\t\t<div class=\"elementor-element elementor-element-7a33cf92 elementor-widget elementor-widget-heading\" data-id=\"7a33cf92\" data-element_type=\"widget\" data-e-type=\"widget\" data-widget_type=\"heading.default\">\n\t\t\t\t<div class=\"elementor-widget-container\">\n\t\t\t\t\t<p class=\"elementor-heading-title elementor-size-default\">Pr\u00e8s de 100 ans d'une association qui se consacre uniquement et exclusivement \u00e0 aider<\/p>\t\t\t\t<\/div>\n\t\t\t\t<\/div>\n\t\t\t\t\t<\/div>\n\t\t<\/div>\n\t\t\t\t\t<\/div>\n\t\t<\/section>\n\t\t\t\t<section class=\"elementor-section elementor-top-section elementor-element elementor-element-df2365f elementor-section-boxed elementor-section-height-default elementor-section-height-default\" data-id=\"df2365f\" data-element_type=\"section\" data-e-type=\"section\" data-settings=\"{&quot;background_background&quot;:&quot;classic&quot;}\">\n\t\t\t\t\t\t<div class=\"elementor-container elementor-column-gap-default\">\n\t\t\t\t\t<div class=\"elementor-column elementor-col-100 elementor-top-column elementor-element elementor-element-43479a5\" data-id=\"43479a5\" data-element_type=\"column\" data-e-type=\"column\">\n\t\t\t<div class=\"elementor-widget-wrap elementor-element-populated\">\n\t\t\t\t\t\t<div class=\"elementor-element elementor-element-5c6433d elementor-widget elementor-widget-text-editor\" data-id=\"5c6433d\" data-element_type=\"widget\" data-e-type=\"widget\" data-widget_type=\"text-editor.default\">\n\t\t\t\t<div class=\"elementor-widget-container\">\n\t\t\t\t\t\t\t\t\t<p>La SEBB, d'apr\u00e8s ce que je sais d'un document trouv\u00e9 dans les archives concernant une modification des statuts originaux du 21 d\u00e9cembre 1946, qui \u00e9tablit <strong>le 30 Octobre 1927<\/strong>, comme le jour de la fondation de la Soci\u00e9t\u00e9.<\/p>\n<p>Ce jour-l\u00e0, un acte priv\u00e9 a \u00e9t\u00e9 sign\u00e9, dont nous n'avons aucune trace documentaire, et qui est consign\u00e9 dans le Moniteur du 9 D\u00e9cembre 1927.<\/p>\n<p>Ce document indique \u00e9galement que la soci\u00e9t\u00e9 s'appelait initialement <strong>\"Soci\u00e9t\u00e9 de<\/strong> <strong>Bienfaisance Espagnole en B\u00e9lgique<\/strong>\", c'est-\u00e0-dire qu'elle ne portait pas le nom qu'elle porte aujourd'hui et, en outre, son inscription au Moniteur \u00e9tait en Espagnol, comme je l'ai signal\u00e9.<\/p>\n<p>Comme condition essentielle, et curieuse, qui a perdur\u00e9 pendant de nombreuses ann\u00e9es dans le statut et les r\u00e9formes ult\u00e9rieures, il y avait l'obligation qu'un minimum de 3\/5 des membres inscrits soient d'origine Belge, les 2\/5 \u00e9tant Espagnols.<\/p>\n<p>\u00c0 partir de 1946, le nom de l'association \u00e9tait d\u00e9j\u00e0 enregistr\u00e9 comme bilingue. Mais nous n'en avons aucune preuve juridique jusqu'\u00e0 une entr\u00e9e dans le Moniteur du 17 Octobre 1968, dans laquelle, lors de l'Assembl\u00e9e G\u00e9n\u00e9rale Extraordinaire du 19 Juin 1968, elle appara\u00eet officiellement comme \"Soci\u00e9t\u00e9 Espagnole de Bienfaisance en Belgique-Sociedad Espa\u00f1ola de Beneficencia en B\u00e9lgica\" et est d\u00e9crite comme une Association \"sans but lucratif\".<\/p>\n<p>Cette d\u00e9nomination perdure \u00e0 ce jour, car elle a \u00e9t\u00e9 incluse dans la derni\u00e8re modification statutaire qui a eu lieu le 1er Juillet 2005.<\/p>\n<p>L'association fonctionnait jusqu'alors avec des membres agissant sous le nom de Bienfaiteurs et une forte participation du Minist\u00e8re Espagnol des Affaires \u00c9trang\u00e8res, qui lui versait plusieurs subventions annuelles. Ainsi que la participation active de l'Ambassadeur en poste en Belgique \u00e0 un moment donn\u00e9, aux conseils d'Administration et au processus d\u00e9cisionnel.<\/p>\n<p>Les subventions ont disparu et l'Ambassadeur est devenu un poste honoraire, mais avec le pouvoir de convoquer une Assembl\u00e9e G\u00e9n\u00e9rale en cas de besoin, un point qui est inclus dans les statuts actuels.<\/p>\n<p>Pr\u00e9cis\u00e9ment, l'Assembl\u00e9e G\u00e9n\u00e9rale extraordinaire du 16 Juillet 2020, au cours de laquelle l'\u00e9quipe actuelle a \u00e9t\u00e9 nomm\u00e9e, a \u00e9t\u00e9 convoqu\u00e9e et pr\u00e9sid\u00e9e par la Madame l'Ambassadeur de d'Espagne aupr\u00e8s le Royaume de Belgique, Beatriz Larrotcha Palma, avec Mme Cecilia Robles Cartes, Consule Adjointe \u00e0 Bruxelles, comme Secr\u00e9taire.<\/p>\n<p>\u00c9quipe qui s'engage \u00e0 moderniser cette institution, en l'adaptant aux besoins actuels, en garantissant la transparence de ses actions et selon un nouvel ordre \u00e9conomique et social qui garantit une qualit\u00e9 de vie digne, et qui est inscrit dans la Constitution Espagnole du 27 D\u00e9cembre 1978.<\/p>\t\t\t\t\t\t\t\t<\/div>\n\t\t\t\t<\/div>\n\t\t\t\t<div class=\"elementor-element elementor-element-123d169 elementor-widget elementor-widget-text-editor\" data-id=\"123d169\" data-element_type=\"widget\" data-e-type=\"widget\" data-widget_type=\"text-editor.default\">\n\t\t\t\t<div class=\"elementor-widget-container\">\n\t\t\t\t\t\t\t\t\t<p>Maria Jose Cano Alem\u00e1n<\/p><p>Pr\u00e9sident de la SEBB<\/p>\t\t\t\t\t\t\t\t<\/div>\n\t\t\t\t<\/div>\n\t\t\t\t\t<\/div>\n\t\t<\/div>\n\t\t\t\t\t<\/div>\n\t\t<\/section>\n\t\t\t\t<\/div>","protected":false},"excerpt":{"rendered":"<p>El comienzo de la Sociedad Espa\u00f1olade Beneficencia en B\u00e9lgica Casi 100 a\u00f1os de una asociaci\u00f3n dedicada \u00fanica y exclusivamente a ayudar La SEBB, seg\u00fan me consta por un documento encontrado en los archivos sobre una modificaci\u00f3n de los estatutos primitivos del 21 de diciembre de 1946, y que establece el 30 de octubre de 1927, [&hellip;]<\/p>\n","protected":false},"author":1,"featured_media":0,"parent":0,"menu_order":0,"comment_status":"closed","ping_status":"closed","template":"","meta":{"_joinchat":[],"footnotes":""},"class_list":["post-144","page","type-page","status-publish","hentry"],"yoast_head":"<!-- This site is optimized with the Yoast SEO plugin v26.8 - https:\/\/yoast.com\/product\/yoast-seo-wordpress\/ -->\n<title>Historia - Sebb<\/title>\n<meta name=\"robots\" content=\"index, follow, max-snippet:-1, max-image-preview:large, max-video-preview:-1\" \/>\n<link rel=\"canonical\" href=\"https:\/\/sebbelgica.com\/fr\/historia\/\" \/>\n<meta property=\"og:locale\" content=\"fr_FR\" \/>\n<meta property=\"og:type\" content=\"article\" \/>\n<meta property=\"og:title\" content=\"Historia - Sebb\" \/>\n<meta property=\"og:description\" content=\"El comienzo de la Sociedad Espa\u00f1olade Beneficencia en B\u00e9lgica Casi 100 a\u00f1os de una asociaci\u00f3n dedicada \u00fanica y exclusivamente a ayudar La SEBB, seg\u00fan me consta por un documento encontrado en los archivos sobre una modificaci\u00f3n de los estatutos primitivos del 21 de diciembre de 1946, y que establece el 30 de octubre de 1927, [&hellip;]\" \/>\n<meta property=\"og:url\" content=\"https:\/\/sebbelgica.com\/fr\/historia\/\" \/>\n<meta property=\"og:site_name\" content=\"Sebb\" \/>\n<meta property=\"article:modified_time\" content=\"2025-04-10T08:51:13+00:00\" \/>\n<meta name=\"twitter:card\" content=\"summary_large_image\" \/>\n<meta name=\"twitter:label1\" content=\"Dur\u00e9e de lecture est.\" \/>\n\t<meta name=\"twitter:data1\" content=\"3 minutes\" \/>\n<script type=\"application\/ld+json\" class=\"yoast-schema-graph\">{\"@context\":\"https:\/\/schema.org\",\"@graph\":[{\"@type\":\"WebPage\",\"@id\":\"https:\/\/sebbelgica.com\/historia\/\",\"url\":\"https:\/\/sebbelgica.com\/historia\/\",\"name\":\"Historia - Sebb\",\"isPartOf\":{\"@id\":\"https:\/\/sebbelgica.com\/#website\"},\"datePublished\":\"2021-09-28T06:39:56+00:00\",\"dateModified\":\"2025-04-10T08:51:13+00:00\",\"breadcrumb\":{\"@id\":\"https:\/\/sebbelgica.com\/historia\/#breadcrumb\"},\"inLanguage\":\"fr-BE\",\"potentialAction\":[{\"@type\":\"ReadAction\",\"target\":[\"https:\/\/sebbelgica.com\/historia\/\"]}]},{\"@type\":\"BreadcrumbList\",\"@id\":\"https:\/\/sebbelgica.com\/historia\/#breadcrumb\",\"itemListElement\":[{\"@type\":\"ListItem\",\"position\":1,\"name\":\"Portada\",\"item\":\"https:\/\/sebbelgica.com\/\"},{\"@type\":\"ListItem\",\"position\":2,\"name\":\"Historia\"}]},{\"@type\":\"WebSite\",\"@id\":\"https:\/\/sebbelgica.com\/#website\",\"url\":\"https:\/\/sebbelgica.com\/\",\"name\":\"Sebb\",\"description\":\"Sebb\",\"publisher\":{\"@id\":\"https:\/\/sebbelgica.com\/#organization\"},\"potentialAction\":[{\"@type\":\"SearchAction\",\"target\":{\"@type\":\"EntryPoint\",\"urlTemplate\":\"https:\/\/sebbelgica.com\/?s={search_term_string}\"},\"query-input\":{\"@type\":\"PropertyValueSpecification\",\"valueRequired\":true,\"valueName\":\"search_term_string\"}}],\"inLanguage\":\"fr-BE\"},{\"@type\":\"Organization\",\"@id\":\"https:\/\/sebbelgica.com\/#organization\",\"name\":\"Sebb\",\"url\":\"https:\/\/sebbelgica.com\/\",\"logo\":{\"@type\":\"ImageObject\",\"inLanguage\":\"fr-BE\",\"@id\":\"https:\/\/sebbelgica.com\/#\/schema\/logo\/image\/\",\"url\":\"\",\"contentUrl\":\"\",\"caption\":\"Sebb\"},\"image\":{\"@id\":\"https:\/\/sebbelgica.com\/#\/schema\/logo\/image\/\"}}]}<\/script>\n<!-- \/ Yoast SEO plugin. -->","yoast_head_json":{"title":"Historia - Sebb","robots":{"index":"index","follow":"follow","max-snippet":"max-snippet:-1","max-image-preview":"max-image-preview:large","max-video-preview":"max-video-preview:-1"},"canonical":"https:\/\/sebbelgica.com\/fr\/historia\/","og_locale":"fr_FR","og_type":"article","og_title":"Historia - Sebb","og_description":"El comienzo de la Sociedad Espa\u00f1olade Beneficencia en B\u00e9lgica Casi 100 a\u00f1os de una asociaci\u00f3n dedicada \u00fanica y exclusivamente a ayudar La SEBB, seg\u00fan me consta por un documento encontrado en los archivos sobre una modificaci\u00f3n de los estatutos primitivos del 21 de diciembre de 1946, y que establece el 30 de octubre de 1927, [&hellip;]","og_url":"https:\/\/sebbelgica.com\/fr\/historia\/","og_site_name":"Sebb","article_modified_time":"2025-04-10T08:51:13+00:00","twitter_card":"summary_large_image","twitter_misc":{"Dur\u00e9e de lecture est.":"3 minutes"},"schema":{"@context":"https:\/\/schema.org","@graph":[{"@type":"WebPage","@id":"https:\/\/sebbelgica.com\/historia\/","url":"https:\/\/sebbelgica.com\/historia\/","name":"Historia - Sebb","isPartOf":{"@id":"https:\/\/sebbelgica.com\/#website"},"datePublished":"2021-09-28T06:39:56+00:00","dateModified":"2025-04-10T08:51:13+00:00","breadcrumb":{"@id":"https:\/\/sebbelgica.com\/historia\/#breadcrumb"},"inLanguage":"fr-BE","potentialAction":[{"@type":"ReadAction","target":["https:\/\/sebbelgica.com\/historia\/"]}]},{"@type":"BreadcrumbList","@id":"https:\/\/sebbelgica.com\/historia\/#breadcrumb","itemListElement":[{"@type":"ListItem","position":1,"name":"Portada","item":"https:\/\/sebbelgica.com\/"},{"@type":"ListItem","position":2,"name":"Historia"}]},{"@type":"WebSite","@id":"https:\/\/sebbelgica.com\/#website","url":"https:\/\/sebbelgica.com\/","name":"Sebb","description":"Sebb","publisher":{"@id":"https:\/\/sebbelgica.com\/#organization"},"potentialAction":[{"@type":"SearchAction","target":{"@type":"EntryPoint","urlTemplate":"https:\/\/sebbelgica.com\/?s={search_term_string}"},"query-input":{"@type":"PropertyValueSpecification","valueRequired":true,"valueName":"search_term_string"}}],"inLanguage":"fr-BE"},{"@type":"Organization","@id":"https:\/\/sebbelgica.com\/#organization","name":"Sebb","url":"https:\/\/sebbelgica.com\/","logo":{"@type":"ImageObject","inLanguage":"fr-BE","@id":"https:\/\/sebbelgica.com\/#\/schema\/logo\/image\/","url":"","contentUrl":"","caption":"Sebb"},"image":{"@id":"https:\/\/sebbelgica.com\/#\/schema\/logo\/image\/"}}]}},"_links":{"self":[{"href":"https:\/\/sebbelgica.com\/fr\/wp-json\/wp\/v2\/pages\/144","targetHints":{"allow":["GET"]}}],"collection":[{"href":"https:\/\/sebbelgica.com\/fr\/wp-json\/wp\/v2\/pages"}],"about":[{"href":"https:\/\/sebbelgica.com\/fr\/wp-json\/wp\/v2\/types\/page"}],"author":[{"embeddable":true,"href":"https:\/\/sebbelgica.com\/fr\/wp-json\/wp\/v2\/users\/1"}],"replies":[{"embeddable":true,"href":"https:\/\/sebbelgica.com\/fr\/wp-json\/wp\/v2\/comments?post=144"}],"version-history":[{"count":79,"href":"https:\/\/sebbelgica.com\/fr\/wp-json\/wp\/v2\/pages\/144\/revisions"}],"predecessor-version":[{"id":9639,"href":"https:\/\/sebbelgica.com\/fr\/wp-json\/wp\/v2\/pages\/144\/revisions\/9639"}],"wp:attachment":[{"href":"https:\/\/sebbelgica.com\/fr\/wp-json\/wp\/v2\/media?parent=144"}],"curies":[{"name":"wp","href":"https:\/\/api.w.org\/{rel}","templated":true}]}}