{"id":146,"date":"2021-09-28T06:40:06","date_gmt":"2021-09-28T06:40:06","guid":{"rendered":"https:\/\/sebbelgica.com\/?page_id=146"},"modified":"2023-02-27T19:51:09","modified_gmt":"2023-02-27T19:51:09","slug":"contacto","status":"publish","type":"page","link":"https:\/\/sebbelgica.com\/fr\/contacto\/","title":{"rendered":"Contact"},"content":{"rendered":"<div data-elementor-type=\"wp-page\" data-elementor-id=\"146\" class=\"elementor elementor-146\">\n\t\t\t\t\t\t<section class=\"elementor-section elementor-top-section elementor-element elementor-element-45af5f6 elementor-section-boxed elementor-section-height-default elementor-section-height-default\" data-id=\"45af5f6\" data-element_type=\"section\" data-e-type=\"section\" data-settings=\"{&quot;background_background&quot;:&quot;classic&quot;,&quot;animation&quot;:&quot;none&quot;}\">\n\t\t\t\t\t\t<div class=\"elementor-container elementor-column-gap-default\">\n\t\t\t\t\t<div class=\"elementor-column elementor-col-50 elementor-top-column elementor-element elementor-element-5ba35f3\" data-id=\"5ba35f3\" data-element_type=\"column\" data-e-type=\"column\">\n\t\t\t<div class=\"elementor-widget-wrap elementor-element-populated\">\n\t\t\t\t\t\t<div class=\"elementor-element elementor-element-6278db7 elementor-widget elementor-widget-spacer\" data-id=\"6278db7\" data-element_type=\"widget\" data-e-type=\"widget\" data-widget_type=\"spacer.default\">\n\t\t\t\t<div class=\"elementor-widget-container\">\n\t\t\t\t\t\t\t<div class=\"elementor-spacer\">\n\t\t\t<div class=\"elementor-spacer-inner\"><\/div>\n\t\t<\/div>\n\t\t\t\t\t\t<\/div>\n\t\t\t\t<\/div>\n\t\t\t\t<div class=\"elementor-element elementor-element-78fde1b elementor-widget elementor-widget-heading\" data-id=\"78fde1b\" data-element_type=\"widget\" data-e-type=\"widget\" data-widget_type=\"heading.default\">\n\t\t\t\t<div class=\"elementor-widget-container\">\n\t\t\t\t\t<h1 class=\"elementor-heading-title elementor-size-default\">CONTACT<\/h1>\t\t\t\t<\/div>\n\t\t\t\t<\/div>\n\t\t\t\t<div class=\"elementor-element elementor-element-8e6fad8 elementor-widget elementor-widget-heading\" data-id=\"8e6fad8\" data-element_type=\"widget\" data-e-type=\"widget\" data-widget_type=\"heading.default\">\n\t\t\t\t<div class=\"elementor-widget-container\">\n\t\t\t\t\t<h2 class=\"elementor-heading-title elementor-size-default\">Si vous avez des questions, n'h\u00e9sitez pas \u00e0 nous en parler, nous sommes heureux de vous parler!<\/h2>\t\t\t\t<\/div>\n\t\t\t\t<\/div>\n\t\t\t\t<div class=\"elementor-element elementor-element-992d487 elementor-widget elementor-widget-heading\" data-id=\"992d487\" data-element_type=\"widget\" data-e-type=\"widget\" data-widget_type=\"heading.default\">\n\t\t\t\t<div class=\"elementor-widget-container\">\n\t\t\t\t\t<h3 class=\"elementor-heading-title elementor-size-default\"><b>Localisation<\/b> <br>Rue de la Science, 19 <br>1040, Bruselas (B\u00e9lgica)\n<\/h3>\t\t\t\t<\/div>\n\t\t\t\t<\/div>\n\t\t\t\t<div class=\"elementor-element elementor-element-70f4e91 elementor-widget elementor-widget-heading\" data-id=\"70f4e91\" data-element_type=\"widget\" data-e-type=\"widget\" data-widget_type=\"heading.default\">\n\t\t\t\t<div class=\"elementor-widget-container\">\n\t\t\t\t\t<h3 class=\"elementor-heading-title elementor-size-default\"><b>Appelez-nous  <\/b><br> Mail: info@sebbelgica.com <br> Tfno: +32 497 769 669 (M.J. Cano)<\/h3>\t\t\t\t<\/div>\n\t\t\t\t<\/div>\n\t\t\t\t\t<\/div>\n\t\t<\/div>\n\t\t\t\t<div class=\"elementor-column elementor-col-50 elementor-top-column elementor-element elementor-element-8ab5036\" data-id=\"8ab5036\" data-element_type=\"column\" data-e-type=\"column\">\n\t\t\t<div class=\"elementor-widget-wrap elementor-element-populated\">\n\t\t\t\t\t\t<div class=\"elementor-element elementor-element-68301eb elementor-widget elementor-widget-image\" data-id=\"68301eb\" data-element_type=\"widget\" data-e-type=\"widget\" data-widget_type=\"image.default\">\n\t\t\t\t<div class=\"elementor-widget-container\">\n\t\t\t\t\t\t\t\t\t\t\t\t\t\t\t<img fetchpriority=\"high\" decoding=\"async\" width=\"270\" height=\"269\" src=\"https:\/\/sebbelgica.com\/wp-content\/uploads\/2021\/10\/1b1e3ad3-about-me-shape-1.png\" class=\"attachment-medium_large size-medium_large wp-image-806\" alt=\"Contacto\" srcset=\"https:\/\/sebbelgica.com\/wp-content\/uploads\/2021\/10\/1b1e3ad3-about-me-shape-1.png 270w, https:\/\/sebbelgica.com\/wp-content\/uploads\/2021\/10\/1b1e3ad3-about-me-shape-1-100x100.png 100w, https:\/\/sebbelgica.com\/wp-content\/uploads\/2021\/10\/1b1e3ad3-about-me-shape-1-150x150.png 150w, https:\/\/sebbelgica.com\/wp-content\/uploads\/2021\/10\/1b1e3ad3-about-me-shape-1-12x12.png 12w\" sizes=\"(max-width: 270px) 100vw, 270px\" \/>\t\t\t\t\t\t\t\t\t\t\t\t\t\t\t<\/div>\n\t\t\t\t<\/div>\n\t\t\t\t<div class=\"elementor-element elementor-element-998b998 elementor-widget elementor-widget-google_maps\" data-id=\"998b998\" data-element_type=\"widget\" data-e-type=\"widget\" data-widget_type=\"google_maps.default\">\n\t\t\t\t<div class=\"elementor-widget-container\">\n\t\t\t\t\t\t\t<div class=\"elementor-custom-embed\">\n\t\t\t<iframe loading=\"lazy\"\n\t\t\t\t\tsrc=\"https:\/\/maps.google.com\/maps?q=Rue%20de%20la%20Science%2C%2019%20&#038;t=m&#038;z=18&#038;output=embed&#038;iwloc=near\"\n\t\t\t\t\ttitle=\"Rue de la Science, 19 \"\n\t\t\t\t\taria-label=\"Rue de la Science, 19 \"\n\t\t\t><\/iframe>\n\t\t<\/div>\n\t\t\t\t\t\t<\/div>\n\t\t\t\t<\/div>\n\t\t\t\t<div class=\"elementor-element elementor-element-1ea677c elementor-widget elementor-widget-image\" data-id=\"1ea677c\" data-element_type=\"widget\" data-e-type=\"widget\" data-widget_type=\"image.default\">\n\t\t\t\t<div class=\"elementor-widget-container\">\n\t\t\t\t\t\t\t\t\t\t\t\t\t\t\t<img decoding=\"async\" width=\"270\" height=\"269\" src=\"https:\/\/sebbelgica.com\/wp-content\/uploads\/2021\/10\/040ac87d-about-me-shape-2.png\" class=\"attachment-medium size-medium wp-image-805\" alt=\"Contacto\" srcset=\"https:\/\/sebbelgica.com\/wp-content\/uploads\/2021\/10\/040ac87d-about-me-shape-2.png 270w, https:\/\/sebbelgica.com\/wp-content\/uploads\/2021\/10\/040ac87d-about-me-shape-2-100x100.png 100w, https:\/\/sebbelgica.com\/wp-content\/uploads\/2021\/10\/040ac87d-about-me-shape-2-150x150.png 150w, https:\/\/sebbelgica.com\/wp-content\/uploads\/2021\/10\/040ac87d-about-me-shape-2-12x12.png 12w\" sizes=\"(max-width: 270px) 100vw, 270px\" \/>\t\t\t\t\t\t\t\t\t\t\t\t\t\t\t<\/div>\n\t\t\t\t<\/div>\n\t\t\t\t\t<\/div>\n\t\t<\/div>\n\t\t\t\t\t<\/div>\n\t\t<\/section>\n\t\t\t\t<section class=\"elementor-section elementor-top-section elementor-element elementor-element-dc61e96 elementor-section-boxed elementor-section-height-default elementor-section-height-default\" data-id=\"dc61e96\" data-element_type=\"section\" data-e-type=\"section\" data-settings=\"{&quot;background_background&quot;:&quot;classic&quot;}\">\n\t\t\t\t\t\t<div class=\"elementor-container elementor-column-gap-default\">\n\t\t\t\t\t<div class=\"elementor-column elementor-col-100 elementor-top-column elementor-element elementor-element-b326a59\" data-id=\"b326a59\" data-element_type=\"column\" data-e-type=\"column\">\n\t\t\t<div class=\"elementor-widget-wrap elementor-element-populated\">\n\t\t\t\t\t\t<section class=\"elementor-section elementor-inner-section elementor-element elementor-element-1e3dd33 elementor-section-boxed elementor-section-height-default elementor-section-height-default\" data-id=\"1e3dd33\" data-element_type=\"section\" data-e-type=\"section\" data-settings=\"{&quot;background_background&quot;:&quot;classic&quot;,&quot;animation&quot;:&quot;none&quot;}\">\n\t\t\t\t\t\t<div class=\"elementor-container elementor-column-gap-no\">\n\t\t\t\t\t<div class=\"elementor-column elementor-col-100 elementor-inner-column elementor-element elementor-element-0974767\" data-id=\"0974767\" data-element_type=\"column\" data-e-type=\"column\" data-settings=\"{&quot;animation&quot;:&quot;none&quot;}\">\n\t\t\t<div class=\"elementor-widget-wrap elementor-element-populated\">\n\t\t\t\t\t\t<div class=\"elementor-element elementor-element-37bfffb elementor-absolute elementor-widget-tablet__width-initial elementor-widget elementor-widget-image\" data-id=\"37bfffb\" data-element_type=\"widget\" data-e-type=\"widget\" data-settings=\"{&quot;_position&quot;:&quot;absolute&quot;}\" data-widget_type=\"image.default\">\n\t\t\t\t<div class=\"elementor-widget-container\">\n\t\t\t\t\t\t\t\t\t\t\t\t\t\t\t<img decoding=\"async\" width=\"1608\" height=\"1478\" src=\"https:\/\/sebbelgica.com\/wp-content\/uploads\/2021\/10\/element2.png\" class=\"attachment-full size-full wp-image-997\" alt=\"Miembro\" srcset=\"https:\/\/sebbelgica.com\/wp-content\/uploads\/2021\/10\/element2.png 1608w, https:\/\/sebbelgica.com\/wp-content\/uploads\/2021\/10\/element2-600x551.png 600w, https:\/\/sebbelgica.com\/wp-content\/uploads\/2021\/10\/element2-300x276.png 300w, https:\/\/sebbelgica.com\/wp-content\/uploads\/2021\/10\/element2-1024x941.png 1024w, https:\/\/sebbelgica.com\/wp-content\/uploads\/2021\/10\/element2-768x706.png 768w, https:\/\/sebbelgica.com\/wp-content\/uploads\/2021\/10\/element2-1536x1412.png 1536w, https:\/\/sebbelgica.com\/wp-content\/uploads\/2021\/10\/element2-13x12.png 13w\" sizes=\"(max-width: 1608px) 100vw, 1608px\" \/>\t\t\t\t\t\t\t\t\t\t\t\t\t\t\t<\/div>\n\t\t\t\t<\/div>\n\t\t\t\t<div class=\"elementor-element elementor-element-801fd62 elementor-absolute elementor-widget-tablet__width-initial elementor-widget elementor-widget-image\" data-id=\"801fd62\" data-element_type=\"widget\" data-e-type=\"widget\" data-settings=\"{&quot;_position&quot;:&quot;absolute&quot;}\" data-widget_type=\"image.default\">\n\t\t\t\t<div class=\"elementor-widget-container\">\n\t\t\t\t\t\t\t\t\t\t\t\t\t\t\t<img loading=\"lazy\" decoding=\"async\" width=\"1565\" height=\"1246\" src=\"https:\/\/sebbelgica.com\/wp-content\/uploads\/2021\/10\/element3.png\" class=\"attachment-full size-full wp-image-998\" alt=\"Miembro\" srcset=\"https:\/\/sebbelgica.com\/wp-content\/uploads\/2021\/10\/element3.png 1565w, https:\/\/sebbelgica.com\/wp-content\/uploads\/2021\/10\/element3-600x478.png 600w, https:\/\/sebbelgica.com\/wp-content\/uploads\/2021\/10\/element3-300x239.png 300w, https:\/\/sebbelgica.com\/wp-content\/uploads\/2021\/10\/element3-1024x815.png 1024w, https:\/\/sebbelgica.com\/wp-content\/uploads\/2021\/10\/element3-768x611.png 768w, https:\/\/sebbelgica.com\/wp-content\/uploads\/2021\/10\/element3-1536x1223.png 1536w, https:\/\/sebbelgica.com\/wp-content\/uploads\/2021\/10\/element3-15x12.png 15w\" sizes=\"(max-width: 1565px) 100vw, 1565px\" \/>\t\t\t\t\t\t\t\t\t\t\t\t\t\t\t<\/div>\n\t\t\t\t<\/div>\n\t\t\t\t<div class=\"elementor-element elementor-element-2bb067e elementor-widget elementor-widget-heading\" data-id=\"2bb067e\" data-element_type=\"widget\" data-e-type=\"widget\" data-widget_type=\"heading.default\">\n\t\t\t\t<div class=\"elementor-widget-container\">\n\t\t\t\t\t<h2 class=\"elementor-heading-title elementor-size-default\">PARLEZ-NOUS<\/h2>\t\t\t\t<\/div>\n\t\t\t\t<\/div>\n\t\t\t\t<div class=\"elementor-element elementor-element-977d3eb elementor-widget elementor-widget-spacer\" data-id=\"977d3eb\" data-element_type=\"widget\" data-e-type=\"widget\" data-widget_type=\"spacer.default\">\n\t\t\t\t<div class=\"elementor-widget-container\">\n\t\t\t\t\t\t\t<div class=\"elementor-spacer\">\n\t\t\t<div class=\"elementor-spacer-inner\"><\/div>\n\t\t<\/div>\n\t\t\t\t\t\t<\/div>\n\t\t\t\t<\/div>\n\t\t\t\t<div class=\"elementor-element elementor-element-a1ceeaf elementor-widget elementor-widget-htcontactform-addons\" data-id=\"a1ceeaf\" data-element_type=\"widget\" data-e-type=\"widget\" data-settings=\"{&quot;_animation&quot;:&quot;none&quot;}\" data-widget_type=\"htcontactform-addons.default\">\n\t\t\t\t<div class=\"elementor-widget-container\">\n\t\t\t\t\t            <div class=\"htcontact-form-wrapper\" >\n                \n<div class=\"wpcf7 no-js\" id=\"wpcf7-f565-o1\" lang=\"es-ES\" dir=\"ltr\" data-wpcf7-id=\"565\">\n<div class=\"screen-reader-response\"><p role=\"status\" aria-live=\"polite\" aria-atomic=\"true\"><\/p> <ul><\/ul><\/div>\n<form action=\"\/fr\/wp-json\/wp\/v2\/pages\/146#wpcf7-f565-o1\" method=\"post\" class=\"wpcf7-form init\" aria-label=\"Formulario de contacto\" novalidate=\"novalidate\" data-status=\"init\" data-trp-original-action=\"\/fr\/wp-json\/wp\/v2\/pages\/146#wpcf7-f565-o1\">\n<fieldset class=\"hidden-fields-container\"><input type=\"hidden\" name=\"_wpcf7\" value=\"565\" \/><input type=\"hidden\" name=\"_wpcf7_version\" value=\"6.1.5\" \/><input type=\"hidden\" name=\"_wpcf7_locale\" value=\"es_ES\" \/><input type=\"hidden\" name=\"_wpcf7_unit_tag\" value=\"wpcf7-f565-o1\" \/><input type=\"hidden\" name=\"_wpcf7_container_post\" value=\"0\" \/><input type=\"hidden\" name=\"_wpcf7_posted_data_hash\" value=\"\" \/>\n<\/fieldset>\n<p><label><br \/>\n<span class=\"wpcf7-form-control-wrap\" data-name=\"your-name\"><input size=\"40\" maxlength=\"400\" class=\"wpcf7-form-control wpcf7-text wpcf7-validates-as-required\" aria-required=\"true\" aria-invalid=\"false\" placeholder=\"Nom et pr\u00e9nom\" value=\"\" type=\"text\" name=\"your-name\" \/><\/span> <\/label>\n<\/p>\n<p><label><br \/>\n<span class=\"wpcf7-form-control-wrap\" data-name=\"your-email\"><input size=\"40\" maxlength=\"400\" class=\"wpcf7-form-control wpcf7-email wpcf7-validates-as-required wpcf7-text wpcf7-validates-as-email\" aria-required=\"true\" aria-invalid=\"false\" placeholder=\"Adresse \u00e9lectronique\" value=\"\" type=\"email\" name=\"your-email\" \/><\/span> <\/label>\n<\/p>\n<p><label><br \/>\n<span class=\"wpcf7-form-control-wrap\" data-name=\"your-subject\"><input size=\"40\" maxlength=\"400\" class=\"wpcf7-form-control wpcf7-text wpcf7-validates-as-required\" aria-required=\"true\" aria-invalid=\"false\" placeholder=\"Sujet\" value=\"\" type=\"text\" name=\"your-subject\" \/><\/span> <\/label>\n<\/p>\n<p><label><br \/>\n<span class=\"wpcf7-form-control-wrap\" data-name=\"your-message\"><textarea cols=\"40\" rows=\"10\" maxlength=\"2000\" class=\"wpcf7-form-control wpcf7-textarea\" aria-invalid=\"false\" placeholder=\"Message\" name=\"your-message\"><\/textarea><\/span> <\/label>\n<\/p>\n<p><br \/>\n<span class=\"wpcf7-form-control-wrap\" data-name=\"acceptante-840\"><span class=\"wpcf7-form-control wpcf7-acceptance\"><span class=\"wpcf7-list-item\"><input type=\"checkbox\" name=\"acceptante-840\" value=\"1\" aria-invalid=\"false\" \/><\/span><\/span><\/span> J'ai lu et j'accepte les <a href=\"https:\/\/sebbelgica.com\/fr\/politica-de-privacidad\/\" rel=\"nofollow\" target=\"_blank\"> politique de confidentialit\u00e9<\/a>\n<\/p>\n<p><input class=\"wpcf7-form-control wpcf7-submit has-spinner\" type=\"submit\" value=\"Envoyer un message\" \/>\n<\/p><div class=\"wpcf7-response-output\" aria-hidden=\"true\"><\/div>\n<input type=\"hidden\" name=\"trp-form-language\" value=\"fr\"\/><\/form>\n<\/div>\n            <\/div>\n\n        \t\t\t\t<\/div>\n\t\t\t\t<\/div>\n\t\t\t\t\t<\/div>\n\t\t<\/div>\n\t\t\t\t\t<\/div>\n\t\t<\/section>\n\t\t\t\t\t<\/div>\n\t\t<\/div>\n\t\t\t\t\t<\/div>\n\t\t<\/section>\n\t\t\t\t<\/div>","protected":false},"excerpt":{"rendered":"<p>CONTACTO Ante cualquier duda no lo dudes y hablanos, \u00a1estamos encantados de hablar contigo! Ubicaci\u00f3n Rue de la Science, 19 1040, Bruselas (B\u00e9lgica) Ll\u00e1manos Mail: info@sebbelgica.com Tfno: +32 497 769 669 (M.J. Cano) HABLA CON NOSOTROS He le\u00eddo y acepto la pol\u00edtica de privacidad<\/p>","protected":false},"author":1,"featured_media":0,"parent":0,"menu_order":0,"comment_status":"closed","ping_status":"closed","template":"","meta":{"_joinchat":[],"footnotes":""},"class_list":["post-146","page","type-page","status-publish","hentry"],"yoast_head":"<!-- This site is optimized with the Yoast SEO plugin v26.8 - https:\/\/yoast.com\/product\/yoast-seo-wordpress\/ -->\n<title>Contacto - SEBB<\/title>\n<meta name=\"description\" content=\"Ante cualquier duda no lo dudes y ponte en contacto con la Sociedad Espa\u00f1ola de Beneficiencia en B\u00e9lgica, \u00a1queremos hablar contigo!\" \/>\n<meta name=\"robots\" content=\"index, follow, max-snippet:-1, max-image-preview:large, max-video-preview:-1\" \/>\n<link rel=\"canonical\" href=\"https:\/\/sebbelgica.com\/fr\/contacto\/\" \/>\n<meta property=\"og:locale\" content=\"fr_FR\" \/>\n<meta property=\"og:type\" content=\"article\" \/>\n<meta property=\"og:title\" content=\"Contacto - SEBB\" \/>\n<meta property=\"og:description\" content=\"Ante cualquier duda no lo dudes y ponte en contacto con la Sociedad Espa\u00f1ola de Beneficiencia en B\u00e9lgica, \u00a1queremos hablar contigo!\" \/>\n<meta property=\"og:url\" content=\"https:\/\/sebbelgica.com\/fr\/contacto\/\" \/>\n<meta property=\"og:site_name\" content=\"Sebb\" \/>\n<meta property=\"article:modified_time\" content=\"2023-02-27T19:51:09+00:00\" \/>\n<meta property=\"og:image\" content=\"https:\/\/sebbelgica.com\/wp-content\/uploads\/2021\/10\/1b1e3ad3-about-me-shape-1.png\" \/>\n<meta name=\"twitter:card\" content=\"summary_large_image\" \/>\n<meta name=\"twitter:label1\" content=\"Dur\u00e9e de lecture est.\" \/>\n\t<meta name=\"twitter:data1\" content=\"2 minutes\" \/>\n<script type=\"application\/ld+json\" class=\"yoast-schema-graph\">{\"@context\":\"https:\/\/schema.org\",\"@graph\":[{\"@type\":\"WebPage\",\"@id\":\"https:\/\/sebbelgica.com\/contacto\/\",\"url\":\"https:\/\/sebbelgica.com\/contacto\/\",\"name\":\"Contacto - SEBB\",\"isPartOf\":{\"@id\":\"https:\/\/sebbelgica.com\/#website\"},\"primaryImageOfPage\":{\"@id\":\"https:\/\/sebbelgica.com\/contacto\/#primaryimage\"},\"image\":{\"@id\":\"https:\/\/sebbelgica.com\/contacto\/#primaryimage\"},\"thumbnailUrl\":\"https:\/\/sebbelgica.com\/wp-content\/uploads\/2021\/10\/1b1e3ad3-about-me-shape-1.png\",\"datePublished\":\"2021-09-28T06:40:06+00:00\",\"dateModified\":\"2023-02-27T19:51:09+00:00\",\"description\":\"Ante cualquier duda no lo dudes y ponte en contacto con la Sociedad Espa\u00f1ola de Beneficiencia en B\u00e9lgica, \u00a1queremos hablar contigo!\",\"breadcrumb\":{\"@id\":\"https:\/\/sebbelgica.com\/contacto\/#breadcrumb\"},\"inLanguage\":\"fr-BE\",\"potentialAction\":[{\"@type\":\"ReadAction\",\"target\":[\"https:\/\/sebbelgica.com\/contacto\/\"]}]},{\"@type\":\"ImageObject\",\"inLanguage\":\"fr-BE\",\"@id\":\"https:\/\/sebbelgica.com\/contacto\/#primaryimage\",\"url\":\"https:\/\/sebbelgica.com\/wp-content\/uploads\/2021\/10\/1b1e3ad3-about-me-shape-1.png\",\"contentUrl\":\"https:\/\/sebbelgica.com\/wp-content\/uploads\/2021\/10\/1b1e3ad3-about-me-shape-1.png\"},{\"@type\":\"BreadcrumbList\",\"@id\":\"https:\/\/sebbelgica.com\/contacto\/#breadcrumb\",\"itemListElement\":[{\"@type\":\"ListItem\",\"position\":1,\"name\":\"Portada\",\"item\":\"https:\/\/sebbelgica.com\/\"},{\"@type\":\"ListItem\",\"position\":2,\"name\":\"Contacto\"}]},{\"@type\":\"WebSite\",\"@id\":\"https:\/\/sebbelgica.com\/#website\",\"url\":\"https:\/\/sebbelgica.com\/\",\"name\":\"Sebb\",\"description\":\"Sebb\",\"publisher\":{\"@id\":\"https:\/\/sebbelgica.com\/#organization\"},\"potentialAction\":[{\"@type\":\"SearchAction\",\"target\":{\"@type\":\"EntryPoint\",\"urlTemplate\":\"https:\/\/sebbelgica.com\/?s={search_term_string}\"},\"query-input\":{\"@type\":\"PropertyValueSpecification\",\"valueRequired\":true,\"valueName\":\"search_term_string\"}}],\"inLanguage\":\"fr-BE\"},{\"@type\":\"Organization\",\"@id\":\"https:\/\/sebbelgica.com\/#organization\",\"name\":\"Sebb\",\"url\":\"https:\/\/sebbelgica.com\/\",\"logo\":{\"@type\":\"ImageObject\",\"inLanguage\":\"fr-BE\",\"@id\":\"https:\/\/sebbelgica.com\/#\/schema\/logo\/image\/\",\"url\":\"\",\"contentUrl\":\"\",\"caption\":\"Sebb\"},\"image\":{\"@id\":\"https:\/\/sebbelgica.com\/#\/schema\/logo\/image\/\"}}]}<\/script>\n<!-- \/ Yoast SEO plugin. -->","yoast_head_json":{"title":"Contacto - SEBB","description":"Ante cualquier duda no lo dudes y ponte en contacto con la Sociedad Espa\u00f1ola de Beneficiencia en B\u00e9lgica, \u00a1queremos hablar contigo!","robots":{"index":"index","follow":"follow","max-snippet":"max-snippet:-1","max-image-preview":"max-image-preview:large","max-video-preview":"max-video-preview:-1"},"canonical":"https:\/\/sebbelgica.com\/fr\/contacto\/","og_locale":"fr_FR","og_type":"article","og_title":"Contacto - SEBB","og_description":"Ante cualquier duda no lo dudes y ponte en contacto con la Sociedad Espa\u00f1ola de Beneficiencia en B\u00e9lgica, \u00a1queremos hablar contigo!","og_url":"https:\/\/sebbelgica.com\/fr\/contacto\/","og_site_name":"Sebb","article_modified_time":"2023-02-27T19:51:09+00:00","og_image":[{"url":"https:\/\/sebbelgica.com\/wp-content\/uploads\/2021\/10\/1b1e3ad3-about-me-shape-1.png","type":"","width":"","height":""}],"twitter_card":"summary_large_image","twitter_misc":{"Dur\u00e9e de lecture est.":"2 minutes"},"schema":{"@context":"https:\/\/schema.org","@graph":[{"@type":"WebPage","@id":"https:\/\/sebbelgica.com\/contacto\/","url":"https:\/\/sebbelgica.com\/contacto\/","name":"Contacto - SEBB","isPartOf":{"@id":"https:\/\/sebbelgica.com\/#website"},"primaryImageOfPage":{"@id":"https:\/\/sebbelgica.com\/contacto\/#primaryimage"},"image":{"@id":"https:\/\/sebbelgica.com\/contacto\/#primaryimage"},"thumbnailUrl":"https:\/\/sebbelgica.com\/wp-content\/uploads\/2021\/10\/1b1e3ad3-about-me-shape-1.png","datePublished":"2021-09-28T06:40:06+00:00","dateModified":"2023-02-27T19:51:09+00:00","description":"Ante cualquier duda no lo dudes y ponte en contacto con la Sociedad Espa\u00f1ola de Beneficiencia en B\u00e9lgica, \u00a1queremos hablar contigo!","breadcrumb":{"@id":"https:\/\/sebbelgica.com\/contacto\/#breadcrumb"},"inLanguage":"fr-BE","potentialAction":[{"@type":"ReadAction","target":["https:\/\/sebbelgica.com\/contacto\/"]}]},{"@type":"ImageObject","inLanguage":"fr-BE","@id":"https:\/\/sebbelgica.com\/contacto\/#primaryimage","url":"https:\/\/sebbelgica.com\/wp-content\/uploads\/2021\/10\/1b1e3ad3-about-me-shape-1.png","contentUrl":"https:\/\/sebbelgica.com\/wp-content\/uploads\/2021\/10\/1b1e3ad3-about-me-shape-1.png"},{"@type":"BreadcrumbList","@id":"https:\/\/sebbelgica.com\/contacto\/#breadcrumb","itemListElement":[{"@type":"ListItem","position":1,"name":"Portada","item":"https:\/\/sebbelgica.com\/"},{"@type":"ListItem","position":2,"name":"Contacto"}]},{"@type":"WebSite","@id":"https:\/\/sebbelgica.com\/#website","url":"https:\/\/sebbelgica.com\/","name":"Sebb","description":"Sebb","publisher":{"@id":"https:\/\/sebbelgica.com\/#organization"},"potentialAction":[{"@type":"SearchAction","target":{"@type":"EntryPoint","urlTemplate":"https:\/\/sebbelgica.com\/?s={search_term_string}"},"query-input":{"@type":"PropertyValueSpecification","valueRequired":true,"valueName":"search_term_string"}}],"inLanguage":"fr-BE"},{"@type":"Organization","@id":"https:\/\/sebbelgica.com\/#organization","name":"Sebb","url":"https:\/\/sebbelgica.com\/","logo":{"@type":"ImageObject","inLanguage":"fr-BE","@id":"https:\/\/sebbelgica.com\/#\/schema\/logo\/image\/","url":"","contentUrl":"","caption":"Sebb"},"image":{"@id":"https:\/\/sebbelgica.com\/#\/schema\/logo\/image\/"}}]}},"_links":{"self":[{"href":"https:\/\/sebbelgica.com\/fr\/wp-json\/wp\/v2\/pages\/146","targetHints":{"allow":["GET"]}}],"collection":[{"href":"https:\/\/sebbelgica.com\/fr\/wp-json\/wp\/v2\/pages"}],"about":[{"href":"https:\/\/sebbelgica.com\/fr\/wp-json\/wp\/v2\/types\/page"}],"author":[{"embeddable":true,"href":"https:\/\/sebbelgica.com\/fr\/wp-json\/wp\/v2\/users\/1"}],"replies":[{"embeddable":true,"href":"https:\/\/sebbelgica.com\/fr\/wp-json\/wp\/v2\/comments?post=146"}],"version-history":[{"count":257,"href":"https:\/\/sebbelgica.com\/fr\/wp-json\/wp\/v2\/pages\/146\/revisions"}],"predecessor-version":[{"id":5094,"href":"https:\/\/sebbelgica.com\/fr\/wp-json\/wp\/v2\/pages\/146\/revisions\/5094"}],"wp:attachment":[{"href":"https:\/\/sebbelgica.com\/fr\/wp-json\/wp\/v2\/media?parent=146"}],"curies":[{"name":"wp","href":"https:\/\/api.w.org\/{rel}","templated":true}]}}