{"id":484,"date":"2021-09-29T16:53:19","date_gmt":"2021-09-29T16:53:19","guid":{"rendered":"https:\/\/sebbelgica.com\/?page_id=484"},"modified":"2023-04-19T12:32:05","modified_gmt":"2023-04-19T12:32:05","slug":"dudas-frecuentes","status":"publish","type":"page","link":"https:\/\/sebbelgica.com\/fr\/dudas-frecuentes\/","title":{"rendered":"Questions fr\u00e9quemment"},"content":{"rendered":"<div data-elementor-type=\"wp-page\" data-elementor-id=\"484\" class=\"elementor elementor-484\">\n\t\t\t\t\t\t<section class=\"elementor-section elementor-top-section elementor-element elementor-element-b0fee6e elementor-section-boxed elementor-section-height-default elementor-section-height-default\" data-id=\"b0fee6e\" data-element_type=\"section\" data-e-type=\"section\" data-settings=\"{&quot;background_background&quot;:&quot;classic&quot;}\">\n\t\t\t\t\t\t<div class=\"elementor-container elementor-column-gap-default\">\n\t\t\t\t\t<div class=\"elementor-column elementor-col-100 elementor-top-column elementor-element elementor-element-1fb408f\" data-id=\"1fb408f\" data-element_type=\"column\" data-e-type=\"column\">\n\t\t\t<div class=\"elementor-widget-wrap elementor-element-populated\">\n\t\t\t\t\t\t<section class=\"elementor-section elementor-inner-section elementor-element elementor-element-3f4eda4 elementor-section-boxed elementor-section-height-default elementor-section-height-default\" data-id=\"3f4eda4\" data-element_type=\"section\" data-e-type=\"section\" data-settings=\"{&quot;background_background&quot;:&quot;classic&quot;}\">\n\t\t\t\t\t\t<div class=\"elementor-container elementor-column-gap-default\">\n\t\t\t\t\t<div class=\"elementor-column elementor-col-50 elementor-inner-column elementor-element elementor-element-d5f2878\" data-id=\"d5f2878\" data-element_type=\"column\" data-e-type=\"column\" data-settings=\"{&quot;animation&quot;:&quot;none&quot;}\">\n\t\t\t<div class=\"elementor-widget-wrap elementor-element-populated\">\n\t\t\t\t\t\t<div class=\"elementor-element elementor-element-a829a3f elementor-widget__width-auto elementor-widget elementor-widget-button\" data-id=\"a829a3f\" data-element_type=\"widget\" data-e-type=\"widget\" data-widget_type=\"button.default\">\n\t\t\t\t<div class=\"elementor-widget-container\">\n\t\t\t\t\t\t\t\t\t<div class=\"elementor-button-wrapper\">\n\t\t\t\t\t<a class=\"elementor-button elementor-size-sm\" role=\"button\">\n\t\t\t\t\t\t<span class=\"elementor-button-content-wrapper\">\n\t\t\t\t\t\t<span class=\"elementor-button-icon\">\n\t\t\t\t<i aria-hidden=\"true\" class=\"far fa-arrow-alt-circle-down\"><\/i>\t\t\t<\/span>\n\t\t\t\t\t\t\t\t\t<span class=\"elementor-button-text\">Comment devenir membre?<\/span>\n\t\t\t\t\t<\/span>\n\t\t\t\t\t<\/a>\n\t\t\t\t<\/div>\n\t\t\t\t\t\t\t\t<\/div>\n\t\t\t\t<\/div>\n\t\t\t\t<div class=\"elementor-element elementor-element-07a980a elementor-widget__width-auto elementor-align-left elementor-widget elementor-widget-button\" data-id=\"07a980a\" data-element_type=\"widget\" data-e-type=\"widget\" data-widget_type=\"button.default\">\n\t\t\t\t<div class=\"elementor-widget-container\">\n\t\t\t\t\t\t\t\t\t<div class=\"elementor-button-wrapper\">\n\t\t\t\t\t<a class=\"elementor-button elementor-size-sm\" role=\"button\">\n\t\t\t\t\t\t<span class=\"elementor-button-content-wrapper\">\n\t\t\t\t\t\t\t\t\t<span class=\"elementor-button-text\">remplissez et envoyez-nous la lettre d'inscription par courrier ou par la poste.<\/span>\n\t\t\t\t\t<\/span>\n\t\t\t\t\t<\/a>\n\t\t\t\t<\/div>\n\t\t\t\t\t\t\t\t<\/div>\n\t\t\t\t<\/div>\n\t\t\t\t\t<\/div>\n\t\t<\/div>\n\t\t\t\t<div class=\"elementor-column elementor-col-50 elementor-inner-column elementor-element elementor-element-41d9110\" data-id=\"41d9110\" data-element_type=\"column\" data-e-type=\"column\" data-settings=\"{&quot;animation&quot;:&quot;none&quot;}\">\n\t\t\t<div class=\"elementor-widget-wrap elementor-element-populated\">\n\t\t\t\t\t\t<div class=\"elementor-element elementor-element-57a30e3 elementor-widget__width-auto elementor-widget elementor-widget-button\" data-id=\"57a30e3\" data-element_type=\"widget\" data-e-type=\"widget\" data-widget_type=\"button.default\">\n\t\t\t\t<div class=\"elementor-widget-container\">\n\t\t\t\t\t\t\t\t\t<div class=\"elementor-button-wrapper\">\n\t\t\t\t\t<a class=\"elementor-button elementor-size-sm\" role=\"button\">\n\t\t\t\t\t\t<span class=\"elementor-button-content-wrapper\">\n\t\t\t\t\t\t<span class=\"elementor-button-icon\">\n\t\t\t\t<i aria-hidden=\"true\" class=\"far fa-arrow-alt-circle-right\"><\/i>\t\t\t<\/span>\n\t\t\t\t\t\t\t\t\t<span class=\"elementor-button-text\">Comment faire un don?<\/span>\n\t\t\t\t\t<\/span>\n\t\t\t\t\t<\/a>\n\t\t\t\t<\/div>\n\t\t\t\t\t\t\t\t<\/div>\n\t\t\t\t<\/div>\n\t\t\t\t<div class=\"elementor-element elementor-element-9710693 elementor-widget__width-auto elementor-widget elementor-widget-button\" data-id=\"9710693\" data-element_type=\"widget\" data-e-type=\"widget\" data-widget_type=\"button.default\">\n\t\t\t\t<div class=\"elementor-widget-container\">\n\t\t\t\t\t\t\t\t\t<div class=\"elementor-button-wrapper\">\n\t\t\t\t\t<a class=\"elementor-button elementor-button-link elementor-size-sm\" href=\"https:\/\/sebbelgica.com\/fr\/hazte-miembro\/#paypal\">\n\t\t\t\t\t\t<span class=\"elementor-button-content-wrapper\">\n\t\t\t\t\t\t\t\t\t<span class=\"elementor-button-text\">Par paypal ou virement bancaire. Cliquez ici et donnez ce que vous voulez<\/span>\n\t\t\t\t\t<\/span>\n\t\t\t\t\t<\/a>\n\t\t\t\t<\/div>\n\t\t\t\t\t\t\t\t<\/div>\n\t\t\t\t<\/div>\n\t\t\t\t\t<\/div>\n\t\t<\/div>\n\t\t\t\t\t<\/div>\n\t\t<\/section>\n\t\t\t\t<section class=\"elementor-section elementor-inner-section elementor-element elementor-element-075f3a4 elementor-section-boxed elementor-section-height-default elementor-section-height-default\" data-id=\"075f3a4\" data-element_type=\"section\" data-e-type=\"section\" data-settings=\"{&quot;background_background&quot;:&quot;classic&quot;}\">\n\t\t\t\t\t\t<div class=\"elementor-container elementor-column-gap-default\">\n\t\t\t\t\t<div class=\"elementor-column elementor-col-50 elementor-inner-column elementor-element elementor-element-50f5939\" data-id=\"50f5939\" data-element_type=\"column\" data-e-type=\"column\" data-settings=\"{&quot;animation&quot;:&quot;none&quot;}\">\n\t\t\t<div class=\"elementor-widget-wrap elementor-element-populated\">\n\t\t\t\t\t\t<div class=\"elementor-element elementor-element-2635684 elementor-widget__width-auto elementor-widget elementor-widget-button\" data-id=\"2635684\" data-element_type=\"widget\" data-e-type=\"widget\" data-widget_type=\"button.default\">\n\t\t\t\t<div class=\"elementor-widget-container\">\n\t\t\t\t\t\t\t\t\t<div class=\"elementor-button-wrapper\">\n\t\t\t\t\t<a class=\"elementor-button elementor-size-sm\" role=\"button\">\n\t\t\t\t\t\t<span class=\"elementor-button-content-wrapper\">\n\t\t\t\t\t\t<span class=\"elementor-button-icon\">\n\t\t\t\t<i aria-hidden=\"true\" class=\"far fa-arrow-alt-circle-down\"><\/i>\t\t\t<\/span>\n\t\t\t\t\t\t\t\t\t<span class=\"elementor-button-text\">Puis-je me tenir au courant de l'actualit\u00e9 de sebb?<\/span>\n\t\t\t\t\t<\/span>\n\t\t\t\t\t<\/a>\n\t\t\t\t<\/div>\n\t\t\t\t\t\t\t\t<\/div>\n\t\t\t\t<\/div>\n\t\t\t\t<div class=\"elementor-element elementor-element-bf36d02 elementor-widget__width-auto elementor-align-left elementor-widget elementor-widget-button\" data-id=\"bf36d02\" data-element_type=\"widget\" data-e-type=\"widget\" data-widget_type=\"button.default\">\n\t\t\t\t<div class=\"elementor-widget-container\">\n\t\t\t\t\t\t\t\t\t<div class=\"elementor-button-wrapper\">\n\t\t\t\t\t<a class=\"elementor-button elementor-size-sm\" role=\"button\">\n\t\t\t\t\t\t<span class=\"elementor-button-content-wrapper\">\n\t\t\t\t\t\t\t\t\t<span class=\"elementor-button-text\">nous informons et tenons \u00e0 jour nos membres sur absolument tout<\/span>\n\t\t\t\t\t<\/span>\n\t\t\t\t\t<\/a>\n\t\t\t\t<\/div>\n\t\t\t\t\t\t\t\t<\/div>\n\t\t\t\t<\/div>\n\t\t\t\t\t<\/div>\n\t\t<\/div>\n\t\t\t\t<div class=\"elementor-column elementor-col-50 elementor-inner-column elementor-element elementor-element-5147e40\" data-id=\"5147e40\" data-element_type=\"column\" data-e-type=\"column\" data-settings=\"{&quot;animation&quot;:&quot;none&quot;}\">\n\t\t\t<div class=\"elementor-widget-wrap elementor-element-populated\">\n\t\t\t\t\t\t<div class=\"elementor-element elementor-element-848cba2 elementor-widget__width-auto elementor-widget elementor-widget-button\" data-id=\"848cba2\" data-element_type=\"widget\" data-e-type=\"widget\" data-widget_type=\"button.default\">\n\t\t\t\t<div class=\"elementor-widget-container\">\n\t\t\t\t\t\t\t\t\t<div class=\"elementor-button-wrapper\">\n\t\t\t\t\t<a class=\"elementor-button elementor-size-sm\" role=\"button\">\n\t\t\t\t\t\t<span class=\"elementor-button-content-wrapper\">\n\t\t\t\t\t\t<span class=\"elementor-button-icon\">\n\t\t\t\t<i aria-hidden=\"true\" class=\"far fa-arrow-alt-circle-down\"><\/i>\t\t\t<\/span>\n\t\t\t\t\t\t\t\t\t<span class=\"elementor-button-text\">Qui aidez-vous?<\/span>\n\t\t\t\t\t<\/span>\n\t\t\t\t\t<\/a>\n\t\t\t\t<\/div>\n\t\t\t\t\t\t\t\t<\/div>\n\t\t\t\t<\/div>\n\t\t\t\t<div class=\"elementor-element elementor-element-27c55b8 elementor-widget__width-auto elementor-align-left elementor-widget elementor-widget-button\" data-id=\"27c55b8\" data-element_type=\"widget\" data-e-type=\"widget\" data-widget_type=\"button.default\">\n\t\t\t\t<div class=\"elementor-widget-container\">\n\t\t\t\t\t\t\t\t\t<div class=\"elementor-button-wrapper\">\n\t\t\t\t\t<a class=\"elementor-button elementor-size-sm\" role=\"button\">\n\t\t\t\t\t\t<span class=\"elementor-button-content-wrapper\">\n\t\t\t\t\t\t\t\t\t<span class=\"elementor-button-text\">a toda persona con nacionalidad espa\u00f1ola cuya situaci\u00f3n lo requiera<\/span>\n\t\t\t\t\t<\/span>\n\t\t\t\t\t<\/a>\n\t\t\t\t<\/div>\n\t\t\t\t\t\t\t\t<\/div>\n\t\t\t\t<\/div>\n\t\t\t\t\t<\/div>\n\t\t<\/div>\n\t\t\t\t\t<\/div>\n\t\t<\/section>\n\t\t\t\t\t<\/div>\n\t\t<\/div>\n\t\t\t\t\t<\/div>\n\t\t<\/section>\n\t\t\t\t<section class=\"elementor-section elementor-top-section elementor-element elementor-element-6d0f3f39 elementor-section-full_width elementor-section-height-default elementor-section-height-default\" data-id=\"6d0f3f39\" data-element_type=\"section\" data-e-type=\"section\" data-settings=\"{&quot;background_background&quot;:&quot;classic&quot;}\">\n\t\t\t\t\t\t<div class=\"elementor-container elementor-column-gap-default\">\n\t\t\t\t\t<div class=\"elementor-column elementor-col-100 elementor-top-column elementor-element elementor-element-3ac0dbab\" data-id=\"3ac0dbab\" data-element_type=\"column\" data-e-type=\"column\">\n\t\t\t<div class=\"elementor-widget-wrap elementor-element-populated\">\n\t\t\t\t\t\t<div class=\"elementor-element elementor-element-62c43d8b elementor-widget__width-initial elementor-widget-mobile__width-initial elementor-absolute elementor-widget elementor-widget-image\" data-id=\"62c43d8b\" data-element_type=\"widget\" data-e-type=\"widget\" data-settings=\"{&quot;_animation&quot;:&quot;none&quot;,&quot;_position&quot;:&quot;absolute&quot;}\" data-widget_type=\"image.default\">\n\t\t\t\t<div class=\"elementor-widget-container\">\n\t\t\t\t\t\t\t\t\t\t\t\t\t\t\t<img decoding=\"async\" width=\"125\" height=\"188\" src=\"https:\/\/sebbelgica.com\/wp-content\/uploads\/2021\/10\/847ab5b0-hero-pattern-2.png\" class=\"attachment-full size-full wp-image-753\" alt=\"\" srcset=\"https:\/\/sebbelgica.com\/wp-content\/uploads\/2021\/10\/847ab5b0-hero-pattern-2.png 125w, https:\/\/sebbelgica.com\/wp-content\/uploads\/2021\/10\/847ab5b0-hero-pattern-2-8x12.png 8w\" sizes=\"(max-width: 125px) 100vw, 125px\" \/>\t\t\t\t\t\t\t\t\t\t\t\t\t\t\t<\/div>\n\t\t\t\t<\/div>\n\t\t\t\t<div class=\"elementor-element elementor-element-5f0e216c elementor-widget__width-initial elementor-widget-mobile__width-initial elementor-absolute elementor-widget elementor-widget-image\" data-id=\"5f0e216c\" data-element_type=\"widget\" data-e-type=\"widget\" data-settings=\"{&quot;_animation&quot;:&quot;none&quot;,&quot;_position&quot;:&quot;absolute&quot;}\" data-widget_type=\"image.default\">\n\t\t\t\t<div class=\"elementor-widget-container\">\n\t\t\t\t\t\t\t\t\t\t\t\t\t\t\t<img decoding=\"async\" width=\"125\" height=\"188\" src=\"https:\/\/sebbelgica.com\/wp-content\/uploads\/2021\/10\/fac8a910-hero-pattern-3.png\" class=\"attachment-full size-full wp-image-754\" alt=\"\" srcset=\"https:\/\/sebbelgica.com\/wp-content\/uploads\/2021\/10\/fac8a910-hero-pattern-3.png 125w, https:\/\/sebbelgica.com\/wp-content\/uploads\/2021\/10\/fac8a910-hero-pattern-3-8x12.png 8w\" sizes=\"(max-width: 125px) 100vw, 125px\" \/>\t\t\t\t\t\t\t\t\t\t\t\t\t\t\t<\/div>\n\t\t\t\t<\/div>\n\t\t\t\t<div class=\"elementor-element elementor-element-14b15d7 elementor-widget elementor-widget-heading\" data-id=\"14b15d7\" data-element_type=\"widget\" data-e-type=\"widget\" data-settings=\"{&quot;_animation&quot;:&quot;none&quot;}\" data-widget_type=\"heading.default\">\n\t\t\t\t<div class=\"elementor-widget-container\">\n\t\t\t\t\t<p class=\"elementor-heading-title elementor-size-default\">Y a-t-il quelque chose qui n'est pas clair pour vous?<\/p>\t\t\t\t<\/div>\n\t\t\t\t<\/div>\n\t\t\t\t<div class=\"elementor-element elementor-element-db46d92 elementor-widget elementor-widget-heading\" data-id=\"db46d92\" data-element_type=\"widget\" data-e-type=\"widget\" data-settings=\"{&quot;_animation&quot;:&quot;none&quot;}\" data-widget_type=\"heading.default\">\n\t\t\t\t<div class=\"elementor-widget-container\">\n\t\t\t\t\t<p class=\"elementor-heading-title elementor-size-default\">Ne vous inqui\u00e9tez pas, contactez-nous directement et nous r\u00e9pondrons personnellement \u00e0 vos questions.<\/p>\t\t\t\t<\/div>\n\t\t\t\t<\/div>\n\t\t\t\t<div class=\"elementor-element elementor-element-0b7084a elementor-align-center elementor-widget elementor-widget-button\" data-id=\"0b7084a\" data-element_type=\"widget\" data-e-type=\"widget\" data-widget_type=\"button.default\">\n\t\t\t\t<div class=\"elementor-widget-container\">\n\t\t\t\t\t\t\t\t\t<div class=\"elementor-button-wrapper\">\n\t\t\t\t\t<a class=\"elementor-button elementor-button-link elementor-size-sm elementor-animation-grow\" href=\"https:\/\/sebbelgica.com\/fr\/contacto\/#mensaje\">\n\t\t\t\t\t\t<span class=\"elementor-button-content-wrapper\">\n\t\t\t\t\t\t\t\t\t<span class=\"elementor-button-text\">Contact<\/span>\n\t\t\t\t\t<\/span>\n\t\t\t\t\t<\/a>\n\t\t\t\t<\/div>\n\t\t\t\t\t\t\t\t<\/div>\n\t\t\t\t<\/div>\n\t\t\t\t\t<\/div>\n\t\t<\/div>\n\t\t\t\t\t<\/div>\n\t\t<\/section>\n\t\t\t\t<\/div>","protected":false},"excerpt":{"rendered":"<p>\u00bfC\u00f3mo me hago miembro? rellena y env\u00edanos la carta de inscripci\u00f3n por mail o correo postal \u00bfC\u00f3mo hago una donaci\u00f3n? Por paypal o transferencia. Haz click aqu\u00ed y dona lo que quieras \u00bfPuedo estar al d\u00eda de la sebb? informamos y mantenemos al d\u00eda a los miembros de absolutamente todo \u00bfA qui\u00e9n ayud\u00e1is? a toda [&hellip;]<\/p>\n","protected":false},"author":1,"featured_media":0,"parent":0,"menu_order":0,"comment_status":"closed","ping_status":"closed","template":"","meta":{"_joinchat":[],"footnotes":""},"class_list":["post-484","page","type-page","status-publish","hentry"],"yoast_head":"<!-- This site is optimized with the Yoast SEO plugin v26.8 - https:\/\/yoast.com\/product\/yoast-seo-wordpress\/ -->\n<title>Dudas - SEBB<\/title>\n<meta name=\"description\" content=\"Ponte en contacto directo con la Sociedad Espa\u00f1ola de Beleficiencia en B\u00e9lgica si tienes cualquier tipo de duda respecto a la asociaci\u00f3n.\" \/>\n<meta name=\"robots\" content=\"index, follow, max-snippet:-1, max-image-preview:large, max-video-preview:-1\" \/>\n<link rel=\"canonical\" href=\"https:\/\/sebbelgica.com\/fr\/dudas-frecuentes\/\" \/>\n<meta property=\"og:locale\" content=\"fr_FR\" \/>\n<meta property=\"og:type\" content=\"article\" \/>\n<meta property=\"og:title\" content=\"Dudas - SEBB\" \/>\n<meta property=\"og:description\" content=\"Ponte en contacto directo con la Sociedad Espa\u00f1ola de Beleficiencia en B\u00e9lgica si tienes cualquier tipo de duda respecto a la asociaci\u00f3n.\" \/>\n<meta property=\"og:url\" content=\"https:\/\/sebbelgica.com\/fr\/dudas-frecuentes\/\" \/>\n<meta property=\"og:site_name\" content=\"Sebb\" \/>\n<meta property=\"article:modified_time\" content=\"2023-04-19T12:32:05+00:00\" \/>\n<meta property=\"og:image\" content=\"https:\/\/sebbelgica.com\/wp-content\/uploads\/2021\/10\/847ab5b0-hero-pattern-2.png\" \/>\n<meta name=\"twitter:card\" content=\"summary_large_image\" \/>\n<meta name=\"twitter:label1\" content=\"Dur\u00e9e de lecture est.\" \/>\n\t<meta name=\"twitter:data1\" content=\"1 minute\" \/>\n<script type=\"application\/ld+json\" class=\"yoast-schema-graph\">{\"@context\":\"https:\/\/schema.org\",\"@graph\":[{\"@type\":\"WebPage\",\"@id\":\"https:\/\/sebbelgica.com\/dudas-frecuentes\/\",\"url\":\"https:\/\/sebbelgica.com\/dudas-frecuentes\/\",\"name\":\"Dudas - SEBB\",\"isPartOf\":{\"@id\":\"https:\/\/sebbelgica.com\/#website\"},\"primaryImageOfPage\":{\"@id\":\"https:\/\/sebbelgica.com\/dudas-frecuentes\/#primaryimage\"},\"image\":{\"@id\":\"https:\/\/sebbelgica.com\/dudas-frecuentes\/#primaryimage\"},\"thumbnailUrl\":\"https:\/\/sebbelgica.com\/wp-content\/uploads\/2021\/10\/847ab5b0-hero-pattern-2.png\",\"datePublished\":\"2021-09-29T16:53:19+00:00\",\"dateModified\":\"2023-04-19T12:32:05+00:00\",\"description\":\"Ponte en contacto directo con la Sociedad Espa\u00f1ola de Beleficiencia en B\u00e9lgica si tienes cualquier tipo de duda respecto a la asociaci\u00f3n.\",\"breadcrumb\":{\"@id\":\"https:\/\/sebbelgica.com\/dudas-frecuentes\/#breadcrumb\"},\"inLanguage\":\"fr-BE\",\"potentialAction\":[{\"@type\":\"ReadAction\",\"target\":[\"https:\/\/sebbelgica.com\/dudas-frecuentes\/\"]}]},{\"@type\":\"ImageObject\",\"inLanguage\":\"fr-BE\",\"@id\":\"https:\/\/sebbelgica.com\/dudas-frecuentes\/#primaryimage\",\"url\":\"https:\/\/sebbelgica.com\/wp-content\/uploads\/2021\/10\/847ab5b0-hero-pattern-2.png\",\"contentUrl\":\"https:\/\/sebbelgica.com\/wp-content\/uploads\/2021\/10\/847ab5b0-hero-pattern-2.png\"},{\"@type\":\"BreadcrumbList\",\"@id\":\"https:\/\/sebbelgica.com\/dudas-frecuentes\/#breadcrumb\",\"itemListElement\":[{\"@type\":\"ListItem\",\"position\":1,\"name\":\"Portada\",\"item\":\"https:\/\/sebbelgica.com\/\"},{\"@type\":\"ListItem\",\"position\":2,\"name\":\"Dudas frecuentes\"}]},{\"@type\":\"WebSite\",\"@id\":\"https:\/\/sebbelgica.com\/#website\",\"url\":\"https:\/\/sebbelgica.com\/\",\"name\":\"Sebb\",\"description\":\"Sebb\",\"publisher\":{\"@id\":\"https:\/\/sebbelgica.com\/#organization\"},\"potentialAction\":[{\"@type\":\"SearchAction\",\"target\":{\"@type\":\"EntryPoint\",\"urlTemplate\":\"https:\/\/sebbelgica.com\/?s={search_term_string}\"},\"query-input\":{\"@type\":\"PropertyValueSpecification\",\"valueRequired\":true,\"valueName\":\"search_term_string\"}}],\"inLanguage\":\"fr-BE\"},{\"@type\":\"Organization\",\"@id\":\"https:\/\/sebbelgica.com\/#organization\",\"name\":\"Sebb\",\"url\":\"https:\/\/sebbelgica.com\/\",\"logo\":{\"@type\":\"ImageObject\",\"inLanguage\":\"fr-BE\",\"@id\":\"https:\/\/sebbelgica.com\/#\/schema\/logo\/image\/\",\"url\":\"\",\"contentUrl\":\"\",\"caption\":\"Sebb\"},\"image\":{\"@id\":\"https:\/\/sebbelgica.com\/#\/schema\/logo\/image\/\"}}]}<\/script>\n<!-- \/ Yoast SEO plugin. -->","yoast_head_json":{"title":"Dudas - SEBB","description":"Ponte en contacto directo con la Sociedad Espa\u00f1ola de Beleficiencia en B\u00e9lgica si tienes cualquier tipo de duda respecto a la asociaci\u00f3n.","robots":{"index":"index","follow":"follow","max-snippet":"max-snippet:-1","max-image-preview":"max-image-preview:large","max-video-preview":"max-video-preview:-1"},"canonical":"https:\/\/sebbelgica.com\/fr\/dudas-frecuentes\/","og_locale":"fr_FR","og_type":"article","og_title":"Dudas - SEBB","og_description":"Ponte en contacto directo con la Sociedad Espa\u00f1ola de Beleficiencia en B\u00e9lgica si tienes cualquier tipo de duda respecto a la asociaci\u00f3n.","og_url":"https:\/\/sebbelgica.com\/fr\/dudas-frecuentes\/","og_site_name":"Sebb","article_modified_time":"2023-04-19T12:32:05+00:00","og_image":[{"url":"https:\/\/sebbelgica.com\/wp-content\/uploads\/2021\/10\/847ab5b0-hero-pattern-2.png","type":"","width":"","height":""}],"twitter_card":"summary_large_image","twitter_misc":{"Dur\u00e9e de lecture est.":"1 minute"},"schema":{"@context":"https:\/\/schema.org","@graph":[{"@type":"WebPage","@id":"https:\/\/sebbelgica.com\/dudas-frecuentes\/","url":"https:\/\/sebbelgica.com\/dudas-frecuentes\/","name":"Dudas - SEBB","isPartOf":{"@id":"https:\/\/sebbelgica.com\/#website"},"primaryImageOfPage":{"@id":"https:\/\/sebbelgica.com\/dudas-frecuentes\/#primaryimage"},"image":{"@id":"https:\/\/sebbelgica.com\/dudas-frecuentes\/#primaryimage"},"thumbnailUrl":"https:\/\/sebbelgica.com\/wp-content\/uploads\/2021\/10\/847ab5b0-hero-pattern-2.png","datePublished":"2021-09-29T16:53:19+00:00","dateModified":"2023-04-19T12:32:05+00:00","description":"Ponte en contacto directo con la Sociedad Espa\u00f1ola de Beleficiencia en B\u00e9lgica si tienes cualquier tipo de duda respecto a la asociaci\u00f3n.","breadcrumb":{"@id":"https:\/\/sebbelgica.com\/dudas-frecuentes\/#breadcrumb"},"inLanguage":"fr-BE","potentialAction":[{"@type":"ReadAction","target":["https:\/\/sebbelgica.com\/dudas-frecuentes\/"]}]},{"@type":"ImageObject","inLanguage":"fr-BE","@id":"https:\/\/sebbelgica.com\/dudas-frecuentes\/#primaryimage","url":"https:\/\/sebbelgica.com\/wp-content\/uploads\/2021\/10\/847ab5b0-hero-pattern-2.png","contentUrl":"https:\/\/sebbelgica.com\/wp-content\/uploads\/2021\/10\/847ab5b0-hero-pattern-2.png"},{"@type":"BreadcrumbList","@id":"https:\/\/sebbelgica.com\/dudas-frecuentes\/#breadcrumb","itemListElement":[{"@type":"ListItem","position":1,"name":"Portada","item":"https:\/\/sebbelgica.com\/"},{"@type":"ListItem","position":2,"name":"Dudas frecuentes"}]},{"@type":"WebSite","@id":"https:\/\/sebbelgica.com\/#website","url":"https:\/\/sebbelgica.com\/","name":"Sebb","description":"Sebb","publisher":{"@id":"https:\/\/sebbelgica.com\/#organization"},"potentialAction":[{"@type":"SearchAction","target":{"@type":"EntryPoint","urlTemplate":"https:\/\/sebbelgica.com\/?s={search_term_string}"},"query-input":{"@type":"PropertyValueSpecification","valueRequired":true,"valueName":"search_term_string"}}],"inLanguage":"fr-BE"},{"@type":"Organization","@id":"https:\/\/sebbelgica.com\/#organization","name":"Sebb","url":"https:\/\/sebbelgica.com\/","logo":{"@type":"ImageObject","inLanguage":"fr-BE","@id":"https:\/\/sebbelgica.com\/#\/schema\/logo\/image\/","url":"","contentUrl":"","caption":"Sebb"},"image":{"@id":"https:\/\/sebbelgica.com\/#\/schema\/logo\/image\/"}}]}},"_links":{"self":[{"href":"https:\/\/sebbelgica.com\/fr\/wp-json\/wp\/v2\/pages\/484","targetHints":{"allow":["GET"]}}],"collection":[{"href":"https:\/\/sebbelgica.com\/fr\/wp-json\/wp\/v2\/pages"}],"about":[{"href":"https:\/\/sebbelgica.com\/fr\/wp-json\/wp\/v2\/types\/page"}],"author":[{"embeddable":true,"href":"https:\/\/sebbelgica.com\/fr\/wp-json\/wp\/v2\/users\/1"}],"replies":[{"embeddable":true,"href":"https:\/\/sebbelgica.com\/fr\/wp-json\/wp\/v2\/comments?post=484"}],"version-history":[{"count":116,"href":"https:\/\/sebbelgica.com\/fr\/wp-json\/wp\/v2\/pages\/484\/revisions"}],"predecessor-version":[{"id":5225,"href":"https:\/\/sebbelgica.com\/fr\/wp-json\/wp\/v2\/pages\/484\/revisions\/5225"}],"wp:attachment":[{"href":"https:\/\/sebbelgica.com\/fr\/wp-json\/wp\/v2\/media?parent=484"}],"curies":[{"name":"wp","href":"https:\/\/api.w.org\/{rel}","templated":true}]}}